{"id":792,"date":"2024-11-29T17:44:04","date_gmt":"2024-11-29T09:44:04","guid":{"rendered":"http:\/\/www.cztsolar.com\/index.php\/product\/c-steel-channel-5-5\/"},"modified":"2025-07-17T20:04:01","modified_gmt":"2025-07-17T12:04:01","slug":"z-steel-channel","status":"publish","type":"product","link":"https:\/\/www.cztsolar.com\/fr\/product\/z-steel-channel\/","title":{"rendered":"Profil\u00e9 en acier Z"},"content":{"rendered":"<p>Caract\u00e9ristiques cl\u00e9s &amp; Avantages<\/p>\n<p>\u2714  Capacit\u00e9 de charge \u00e9lev\u00e9e \u2013 Con\u00e7u pour le soutien \u00e0 des t\u00e2ches lourdes dans la construction et les milieux industriels.<br \/>\n\u2714  L\u00e9ger mais robuste \u2013 Form\u00e9 en acier de haute qualit\u00e9 (Q235, Q345 ou SS400) avec un excellent rapport r\u00e9sistance\/poids.<br \/>\n\u2714  Options r\u00e9sistantes \u00e0 la corrosion \u2013 Disponibles en finitions galvanis\u00e9es, rev\u00eatues de poudre ou peintes pour une durabilit\u00e9.<br \/>\n\u2714  Installation facile \u2013 Compatible avec des boulons, \u00e9crous et supports standard pour un assemblage rapide.<br \/>\n\u2714  Applications polyvalentes - Utilis\u00e9es dans les trusses de toit, le cadre mural, les mezzanines, les \u00e9tag\u00e8res et les supports de machines.<\/p>","protected":false},"excerpt":{"rendered":"<p>Z Steel Channel \u2013 Solution d\u2019encadrement structurel \u00e0 haute r\u00e9sistance<\/p>\n<p>Aper\u00e7u du produit<\/p>\n<p>Z Steel Channel est un canal en acier en rouleau robuste con\u00e7u pour les applications de cadrage, de soutien et de charge structurels. Son unique &#8220; Z&#8221; La section transversale offre une rigidit\u00e9 sup\u00e9rieure et une r\u00e9partition de charge, ce qui le rend id\u00e9al pour la construction, le support industriel et les syst\u00e8mes d'assemblage modulaires.<\/p>","protected":false},"featured_media":2120,"comment_status":"open","ping_status":"closed","template":"","meta":[],"product_brand":[],"product_cat":[15],"product_tag":[],"class_list":{"0":"post-792","1":"product","2":"type-product","3":"status-publish","4":"has-post-thumbnail","6":"product_cat-steel-channel","8":"first","9":"instock","10":"shipping-taxable","11":"product-type-simple"},"_links":{"self":[{"href":"https:\/\/www.cztsolar.com\/fr\/wp-json\/wp\/v2\/product\/792","targetHints":{"allow":["GET"]}}],"collection":[{"href":"https:\/\/www.cztsolar.com\/fr\/wp-json\/wp\/v2\/product"}],"about":[{"href":"https:\/\/www.cztsolar.com\/fr\/wp-json\/wp\/v2\/types\/product"}],"replies":[{"embeddable":true,"href":"https:\/\/www.cztsolar.com\/fr\/wp-json\/wp\/v2\/comments?post=792"}],"wp:featuredmedia":[{"embeddable":true,"href":"https:\/\/www.cztsolar.com\/fr\/wp-json\/wp\/v2\/media\/2120"}],"wp:attachment":[{"href":"https:\/\/www.cztsolar.com\/fr\/wp-json\/wp\/v2\/media?parent=792"}],"wp:term":[{"taxonomy":"product_brand","embeddable":true,"href":"https:\/\/www.cztsolar.com\/fr\/wp-json\/wp\/v2\/product_brand?post=792"},{"taxonomy":"product_cat","embeddable":true,"href":"https:\/\/www.cztsolar.com\/fr\/wp-json\/wp\/v2\/product_cat?post=792"},{"taxonomy":"product_tag","embeddable":true,"href":"https:\/\/www.cztsolar.com\/fr\/wp-json\/wp\/v2\/product_tag?post=792"}],"curies":[{"name":"WP","href":"https:\/\/api.w.org\/{rel}","templated":true}]}}