{"id":791,"date":"2024-11-29T17:44:04","date_gmt":"2024-11-29T09:44:04","guid":{"rendered":"http:\/\/www.cztsolar.com\/index.php\/product\/c-steel-channel-5-4\/"},"modified":"2025-07-17T20:02:24","modified_gmt":"2025-07-17T12:02:24","slug":"unistrut-channel","status":"publish","type":"product","link":"https:\/\/www.cztsolar.com\/fr\/product\/unistrut-channel\/","title":{"rendered":"Canal non transit"},"content":{"rendered":"<p>Caract\u00e9ristiques principales :<\/p>\n<p>\u2714  Conception pr\u00e9-fendue - Permet un r\u00e9glage et une fixation faciles sans per\u00e7age.<br \/>\n\u2714  Capacit\u00e9 de charge \u00e9lev\u00e9e - La construction en acier robuste supporte les \u00e9quipements et les structures lourds.<br \/>\n\u2714  Modulaire &amp; R\u00e9glable \u2013 Compatible avec divers raccords Unistrut pour un assemblage rapide.<br \/>\n\u2714  R\u00e9sistant \u00e0 la corrosion \u2013 Disponible en acier galvanis\u00e9, rev\u00eatu de poudre ou inoxydable.<br \/>\n\u2714  Large Application \u2013 Id\u00e9al pour le support de conduits \u00e9lectriques, syst\u00e8mes de climatisation, montage de panneaux solaires, plateaux de c\u00e2bles et plus encore.<\/p>","protected":false},"excerpt":{"rendered":"<p>Unistrut Channel Steel \u2013 Syst\u00e8me d\u2019encadrement structurel polyvalent<\/p>\n<p>Aper\u00e7u du produit:<br \/>\nUnistrut Channel Steel est un syst\u00e8me de cadre m\u00e9tallique fentu de haute qualit\u00e9 con\u00e7u pour la construction modulaire, le support \u00e9lectrique, les installations m\u00e9caniques et les applications structurelles. Fabriqu\u00e9 en acier durable (g\u00e9n\u00e9ralement galvanis\u00e9 ou inoxydable), il offre une excellente r\u00e9sistance, r\u00e9sistance \u00e0 la corrosion et flexibilit\u00e9 pour un large \u00e9ventail d'utilisations industrielles et commerciales.<\/p>","protected":false},"featured_media":2112,"comment_status":"open","ping_status":"closed","template":"","meta":[],"product_brand":[],"product_cat":[15],"product_tag":[],"class_list":{"0":"post-791","1":"product","2":"type-product","3":"status-publish","4":"has-post-thumbnail","6":"product_cat-steel-channel","8":"first","9":"instock","10":"shipping-taxable","11":"product-type-simple"},"_links":{"self":[{"href":"https:\/\/www.cztsolar.com\/fr\/wp-json\/wp\/v2\/product\/791","targetHints":{"allow":["GET"]}}],"collection":[{"href":"https:\/\/www.cztsolar.com\/fr\/wp-json\/wp\/v2\/product"}],"about":[{"href":"https:\/\/www.cztsolar.com\/fr\/wp-json\/wp\/v2\/types\/product"}],"replies":[{"embeddable":true,"href":"https:\/\/www.cztsolar.com\/fr\/wp-json\/wp\/v2\/comments?post=791"}],"wp:featuredmedia":[{"embeddable":true,"href":"https:\/\/www.cztsolar.com\/fr\/wp-json\/wp\/v2\/media\/2112"}],"wp:attachment":[{"href":"https:\/\/www.cztsolar.com\/fr\/wp-json\/wp\/v2\/media?parent=791"}],"wp:term":[{"taxonomy":"product_brand","embeddable":true,"href":"https:\/\/www.cztsolar.com\/fr\/wp-json\/wp\/v2\/product_brand?post=791"},{"taxonomy":"product_cat","embeddable":true,"href":"https:\/\/www.cztsolar.com\/fr\/wp-json\/wp\/v2\/product_cat?post=791"},{"taxonomy":"product_tag","embeddable":true,"href":"https:\/\/www.cztsolar.com\/fr\/wp-json\/wp\/v2\/product_tag?post=791"}],"curies":[{"name":"WP","href":"https:\/\/api.w.org\/{rel}","templated":true}]}}