{"id":768,"date":"2024-11-29T17:44:04","date_gmt":"2024-11-29T09:44:04","guid":{"rendered":"http:\/\/www.cztsolar.com\/index.php\/product\/c-steel-channel-2\/"},"modified":"2025-07-17T19:56:46","modified_gmt":"2025-07-17T11:56:46","slug":"c-steel-channel","status":"publish","type":"product","link":"https:\/\/www.cztsolar.com\/fr\/product\/c-steel-channel\/","title":{"rendered":"Profil\u00e9 en acier C"},"content":{"rendered":"<p>Caract\u00e9ristiques principales<\/p>\n<p>\u2705  Rapport r\u00e9sistance-poids \u00e9lev\u00e9 \u2013 Fournit un soutien structurel tout en r\u00e9duisant les co\u00fbts de mat\u00e9riaux.<br \/>\n\u2705  Installation facile \u2013 L\u00e9ger et con\u00e7u pour un assemblage rapide avec vis ou soudage.<br \/>\n\u2705  R\u00e9sistance \u00e0 la corrosion \u2013 Disponible en finitions galvanis\u00e9es ou peintes pour une plus grande durabilit\u00e9.<br \/>\n\u2705  Versatilit\u00e9 \u2013 Convient pour les toitures, les encadrements muraux, les planchers mezzanines et le montage de panneaux solaires.<br \/>\n\u2705  Personnalisable \u2013 Peut \u00eatre produit en diff\u00e9rentes \u00e9paisseurs, longueurs et grades d\u2019acier (par exemple, Q235, Q345).<\/p>\n<p>Avantages par rapport \u00e0 l'acier traditionnel<\/p>\n<p>Co\u00fbt r\u00e9duit \u2013 r\u00e9duction des frais de mat\u00e9riel et de transport.<br \/>\nFabrication de pr\u00e9cision \u2013 Dimensions coh\u00e9rentes pour une construction sans couture.<br \/>\nEcologique \u2013 Recyclable et r\u00e9duit au minimum les d\u00e9chets de construction.<\/p>\n<p>Emballage &amp; Livraison<\/p>\n<p>\u00c9quip\u00e9 avec des sangles en acier pour un transport s\u00fbr.<\/p>\n<p>Emballage standard \u00e0 l'exportation (bo\u00eetes en bois en option).<\/p>\n<p>&nbsp;<\/p>","protected":false},"excerpt":{"rendered":"<p>Acier en forme de C (purlin en C \/ canal en C) \u2013 Introduction du produit<\/p>\n<p>Aper\u00e7u du produit<\/p>\n<p>acier en forme de C,<\/p>\n<p>\u00e9galement connu sous le nom de C-Purlin ou C-Channel, est une section en acier structurel form\u00e9e \u00e0 froid avec un &amp;#8220 distinctif; C&#8221; section transversale. Il est largement utilis\u00e9 dans la construction, les b\u00e2timents industriels et les projets d'infrastructure en raison de son poids l\u00e9ger, de sa haute r\u00e9sistance et de son efficacit\u00e9 \u00e9conomique.<\/p>","protected":false},"featured_media":2092,"comment_status":"open","ping_status":"closed","template":"","meta":[],"product_brand":[],"product_cat":[15],"product_tag":[],"class_list":{"0":"post-768","1":"product","2":"type-product","3":"status-publish","4":"has-post-thumbnail","6":"product_cat-steel-channel","8":"first","9":"instock","10":"shipping-taxable","11":"product-type-simple"},"_links":{"self":[{"href":"https:\/\/www.cztsolar.com\/fr\/wp-json\/wp\/v2\/product\/768","targetHints":{"allow":["GET"]}}],"collection":[{"href":"https:\/\/www.cztsolar.com\/fr\/wp-json\/wp\/v2\/product"}],"about":[{"href":"https:\/\/www.cztsolar.com\/fr\/wp-json\/wp\/v2\/types\/product"}],"replies":[{"embeddable":true,"href":"https:\/\/www.cztsolar.com\/fr\/wp-json\/wp\/v2\/comments?post=768"}],"wp:featuredmedia":[{"embeddable":true,"href":"https:\/\/www.cztsolar.com\/fr\/wp-json\/wp\/v2\/media\/2092"}],"wp:attachment":[{"href":"https:\/\/www.cztsolar.com\/fr\/wp-json\/wp\/v2\/media?parent=768"}],"wp:term":[{"taxonomy":"product_brand","embeddable":true,"href":"https:\/\/www.cztsolar.com\/fr\/wp-json\/wp\/v2\/product_brand?post=768"},{"taxonomy":"product_cat","embeddable":true,"href":"https:\/\/www.cztsolar.com\/fr\/wp-json\/wp\/v2\/product_cat?post=768"},{"taxonomy":"product_tag","embeddable":true,"href":"https:\/\/www.cztsolar.com\/fr\/wp-json\/wp\/v2\/product_tag?post=768"}],"curies":[{"name":"WP","href":"https:\/\/api.w.org\/{rel}","templated":true}]}}