{"id":2135,"date":"2025-02-21T11:52:05","date_gmt":"2025-02-21T03:52:05","guid":{"rendered":"http:\/\/www.cztsolar.com\/?post_type=product&#038;p=2135"},"modified":"2025-02-21T12:22:17","modified_gmt":"2025-02-21T04:22:17","slug":"galvanized-iron-fence-for-solar-system","status":"publish","type":"product","link":"https:\/\/www.cztsolar.com\/fr\/product\/galvanized-iron-fence-for-solar-system\/","title":{"rendered":"Cl\u00f4ture en fer galvanis\u00e9 pour syst\u00e8me solaire"},"content":{"rendered":"<p>Items: CZT PV solar fence<br \/>\nMat\u00e9riau principal: acier en fer<br \/>\nLead Time: 7-10 days<br \/>\nOEM &amp; Sample: Available<br \/>\nSupply Capacity: 22,000 Meters \/Week<\/p>","protected":false},"excerpt":{"rendered":"<p>Items: CZT PV solar fence<br \/>\nMat\u00e9riau principal: acier en fer<br \/>\nLead Time: 7-10 days<br \/>\nOEM &amp; Sample: Available<br \/>\nSupply Capacity: 22,000 Meters \/Week<\/p>","protected":false},"featured_media":2140,"comment_status":"open","ping_status":"closed","template":"","meta":[],"product_brand":[],"product_cat":[18],"product_tag":[],"class_list":{"0":"post-2135","1":"product","2":"type-product","3":"status-publish","4":"has-post-thumbnail","6":"product_cat-solar-fence","8":"first","9":"instock","10":"shipping-taxable","11":"product-type-simple"},"_links":{"self":[{"href":"https:\/\/www.cztsolar.com\/fr\/wp-json\/wp\/v2\/product\/2135","targetHints":{"allow":["GET"]}}],"collection":[{"href":"https:\/\/www.cztsolar.com\/fr\/wp-json\/wp\/v2\/product"}],"about":[{"href":"https:\/\/www.cztsolar.com\/fr\/wp-json\/wp\/v2\/types\/product"}],"replies":[{"embeddable":true,"href":"https:\/\/www.cztsolar.com\/fr\/wp-json\/wp\/v2\/comments?post=2135"}],"wp:featuredmedia":[{"embeddable":true,"href":"https:\/\/www.cztsolar.com\/fr\/wp-json\/wp\/v2\/media\/2140"}],"wp:attachment":[{"href":"https:\/\/www.cztsolar.com\/fr\/wp-json\/wp\/v2\/media?parent=2135"}],"wp:term":[{"taxonomy":"product_brand","embeddable":true,"href":"https:\/\/www.cztsolar.com\/fr\/wp-json\/wp\/v2\/product_brand?post=2135"},{"taxonomy":"product_cat","embeddable":true,"href":"https:\/\/www.cztsolar.com\/fr\/wp-json\/wp\/v2\/product_cat?post=2135"},{"taxonomy":"product_tag","embeddable":true,"href":"https:\/\/www.cztsolar.com\/fr\/wp-json\/wp\/v2\/product_tag?post=2135"}],"curies":[{"name":"WP","href":"https:\/\/api.w.org\/{rel}","templated":true}]}}