{"id":1011,"date":"2024-11-29T17:44:04","date_gmt":"2024-11-29T09:44:04","guid":{"rendered":"http:\/\/www.cztsolar.com\/index.php\/product\/c-steel-channel-5-6-6-3\/"},"modified":"2025-04-22T10:38:59","modified_gmt":"2025-04-22T02:38:59","slug":"bolt-and-nuts","status":"publish","type":"product","link":"https:\/\/www.cztsolar.com\/fr\/product\/bolt-and-nuts\/","title":{"rendered":"Boulons et \u00e9crous"},"content":{"rendered":"<p>\u00c9l\u00e9ments: boulon et \u00e9crous<\/p>\n<p>Mat\u00e9riau: fer ou toxss<br \/>\nLead Time: 7-10 days for the first delivery<br \/>\nOEM &amp; Sample: Available<br \/>\nCapacit\u00e9 d'alimentation: 10 000 ensembles {{URL_PlaceHolder_0}}<\/p>","protected":false},"excerpt":{"rendered":"<p>\u00c9l\u00e9ments: boulon et \u00e9crous<\/p>\n<p>Mat\u00e9riau: fer ou toxss<br \/>\nLead Time: 7-10 days for the first delivery<br \/>\nOEM &amp; Sample: Available<br \/>\nCapacit\u00e9 d'alimentation: 10 000 ensembles {{URL_PlaceHolder_0}}<\/p>","protected":false},"featured_media":2043,"comment_status":"open","ping_status":"closed","template":"","meta":[],"product_brand":[],"product_cat":[19],"product_tag":[],"class_list":{"0":"post-1011","1":"product","2":"type-product","3":"status-publish","4":"has-post-thumbnail","6":"product_cat-solar-accessories","8":"first","9":"instock","10":"shipping-taxable","11":"product-type-simple"},"_links":{"self":[{"href":"https:\/\/www.cztsolar.com\/fr\/wp-json\/wp\/v2\/product\/1011","targetHints":{"allow":["GET"]}}],"collection":[{"href":"https:\/\/www.cztsolar.com\/fr\/wp-json\/wp\/v2\/product"}],"about":[{"href":"https:\/\/www.cztsolar.com\/fr\/wp-json\/wp\/v2\/types\/product"}],"replies":[{"embeddable":true,"href":"https:\/\/www.cztsolar.com\/fr\/wp-json\/wp\/v2\/comments?post=1011"}],"wp:featuredmedia":[{"embeddable":true,"href":"https:\/\/www.cztsolar.com\/fr\/wp-json\/wp\/v2\/media\/2043"}],"wp:attachment":[{"href":"https:\/\/www.cztsolar.com\/fr\/wp-json\/wp\/v2\/media?parent=1011"}],"wp:term":[{"taxonomy":"product_brand","embeddable":true,"href":"https:\/\/www.cztsolar.com\/fr\/wp-json\/wp\/v2\/product_brand?post=1011"},{"taxonomy":"product_cat","embeddable":true,"href":"https:\/\/www.cztsolar.com\/fr\/wp-json\/wp\/v2\/product_cat?post=1011"},{"taxonomy":"product_tag","embeddable":true,"href":"https:\/\/www.cztsolar.com\/fr\/wp-json\/wp\/v2\/product_tag?post=1011"}],"curies":[{"name":"WP","href":"https:\/\/api.w.org\/{rel}","templated":true}]}}