{"id":3,"date":"2024-11-29T14:13:03","date_gmt":"2024-11-29T06:13:03","guid":{"rendered":"http:\/\/www.cztsolar.com\/?page_id=3"},"modified":"2025-03-24T15:48:27","modified_gmt":"2025-03-24T07:48:27","slug":"privacy-policy","status":"publish","type":"page","link":"https:\/\/www.cztsolar.com\/fr\/privacy-policy\/","title":{"rendered":"politique de confidentialit\u00e9"},"content":{"rendered":"<p>Qui nous sommes<\/p>\r\n<p>Texte recommand\u00e9: notre adresse de site Web est: {{url_placeholder_0}}<\/p>\r\n<h2 class=\"wp-block-heading\">Commentaires<\/h2>\r\n<p>Texte recommand\u00e9: Lorsque les visiteurs laissent des commentaires, nous collectons les donn\u00e9es affich\u00e9es dans le formulaire de commentaires et l'adresse IP du visiteur et la cha\u00eene d'agent utilisateur du navigateur pour aider \u00e0 la d\u00e9tection du spam.<\/p>\r\n<p>Une cha\u00eene anonymis\u00e9e cr\u00e9\u00e9e \u00e0 partir de votre adresse e-mail (\u00e9galement appel\u00e9e hachage) peut \u00eatre fournie au service Gravatar pour voir si vous l'utilisez.<\/p>\r\n<p>M\u00e9dias<\/p>\r\n<p>Texte recommand\u00e9: Si vous t\u00e9l\u00e9chargez des images sur le site, vous devez \u00e9viter de t\u00e9l\u00e9charger des images avec des donn\u00e9es de localisation int\u00e9gr\u00e9es (EXIF GPS) incluses.<\/p>\r\n<h2><strong><span style=\"font-size: 18pt;\">Cookies<\/span><\/strong><\/h2>\r\n<p>Texte recommand\u00e9: Si vous laissez un commentaire sur notre site, vous pouvez choisir d'enregistrer votre nom, votre adresse e-mail et votre site Web dans les cookies.<\/p>\r\n<p>Si vous visitez notre page de connexion, nous d\u00e9finirons un cookie temporaire pour d\u00e9terminer si votre navigateur accepte les cookies.<\/p>\r\n<p>Lorsque vous vous connectez, nous d\u00e9finirons \u00e9galement plusieurs cookies pour se souvenir de vos d\u00e9tails de connexion et de vos choix d'affichage d'\u00e9cran.<\/p>\r\n<p>Si vous modifiez ou publiez un article, nous enregistrerons un cookie suppl\u00e9mentaire \u00e0 votre navigateur.<\/p>\r\n<h2>Contenu int\u00e9gr\u00e9 \u00e0 d'autres sites Web<\/h2>\r\n<p>Texte recommand\u00e9: Les articles sur ce site peuvent inclure du contenu int\u00e9gr\u00e9 (par exemple, des vid\u00e9os, des images, des articles, etc.).<\/p>\r\n<p>Ces sites peuvent collecter des donn\u00e9es vous concernant, utiliser des cookies, int\u00e9grer un suivi tiers suppl\u00e9mentaire et surveiller vos interactions avec un tel contenu int\u00e9gr\u00e9, y compris le suivi de vos interactions avec le contenu int\u00e9gr\u00e9 si vous avez un compte avec ces sites et \u00eates connect\u00e9 \u00e0 ces sites.<\/p>\r\n<p>Avec qui nous partageons vos informations<\/p>\r\n<p>Texte recommand\u00e9: Si vous demandez une r\u00e9initialisation de mot de passe, votre adresse IP sera incluse dans l'e-mail de r\u00e9initialisation du mot de passe.<\/p>\r\n<p>Combien de temps conservons-nous vos informations<\/p>\r\n<p>Texte recommand\u00e9: si vous laissez un commentaire, le commentaire et ses m\u00e9tadonn\u00e9es sont conserv\u00e9s ind\u00e9finiment.<\/p>\r\n<p>Pour les utilisateurs enregistr\u00e9s de ce site, nous stockons \u00e9galement les informations personnelles que les utilisateurs fournissent dans leur profil.<\/p>\r\n<h2>Quels droits avez-vous sur vos informations<\/h2>\r\n<p>Texte recommand\u00e9: Si vous avez un compte sur ce site ou si vous avez des commentaires, vous pouvez demander \u00e0 recevoir un fichier export\u00e9 des donn\u00e9es personnelles que nous d\u00e9tenons \u00e0 votre sujet, y compris toutes les donn\u00e9es que vous nous avez fournies.<\/p>\r\n<p>O\u00f9 vos donn\u00e9es sont envoy\u00e9es<\/p>\r\n<p>Texte recommand\u00e9: les commentaires des visiteurs peuvent \u00eatre v\u00e9rifi\u00e9s via un service automatis\u00e9 de d\u00e9tection de spam.<\/p>","protected":false},"excerpt":{"rendered":"<p>Who we are Recommended text: Our website address is: http:\/\/www.cztsolar.com. Comments Recommended text: When visitors leave comments, we collect the data shown in the comments form, and the visitor&#8217;s IP address and browser user agent string to help spam detection. An anonymized string created from your email address (also called a hash) may be provided [&hellip;]<\/p>\n","protected":false},"author":1,"featured_media":0,"parent":0,"menu_order":0,"comment_status":"closed","ping_status":"closed","template":"","meta":{"footnotes":""},"class_list":["post-3","page","type-page","status-publish","hentry"],"_links":{"self":[{"href":"https:\/\/www.cztsolar.com\/fr\/wp-json\/wp\/v2\/pages\/3","targetHints":{"allow":["GET"]}}],"collection":[{"href":"https:\/\/www.cztsolar.com\/fr\/wp-json\/wp\/v2\/pages"}],"about":[{"href":"https:\/\/www.cztsolar.com\/fr\/wp-json\/wp\/v2\/types\/page"}],"author":[{"embeddable":true,"href":"https:\/\/www.cztsolar.com\/fr\/wp-json\/wp\/v2\/users\/1"}],"replies":[{"embeddable":true,"href":"https:\/\/www.cztsolar.com\/fr\/wp-json\/wp\/v2\/comments?post=3"}],"version-history":[{"count":5,"href":"https:\/\/www.cztsolar.com\/fr\/wp-json\/wp\/v2\/pages\/3\/revisions"}],"predecessor-version":[{"id":2715,"href":"https:\/\/www.cztsolar.com\/fr\/wp-json\/wp\/v2\/pages\/3\/revisions\/2715"}],"wp:attachment":[{"href":"https:\/\/www.cztsolar.com\/fr\/wp-json\/wp\/v2\/media?parent=3"}],"curies":[{"name":"WP","href":"https:\/\/api.w.org\/{rel}","templated":true}]}}