{"id":768,"date":"2024-11-29T17:44:04","date_gmt":"2024-11-29T09:44:04","guid":{"rendered":"http:\/\/www.cztsolar.com\/index.php\/product\/c-steel-channel-2\/"},"modified":"2025-07-17T19:56:46","modified_gmt":"2025-07-17T11:56:46","slug":"c-steel-channel","status":"publish","type":"product","link":"https:\/\/www.cztsolar.com\/es\/product\/c-steel-channel\/","title":{"rendered":"Canal de acero C"},"content":{"rendered":"<p>Caracter\u00edsticas clave<\/p>\n<p>\u2705  Alta relaci\u00f3n resistencia-peso: Proporciona soporte estructural al tiempo que reduce los costos de materiales.<br \/>\n\u2705  F\u00e1cil instalaci\u00f3n \u2013 Ligero y dise\u00f1ado para montaje r\u00e1pido con tornillos o soldadura.<br \/>\n\u2705  Resistencia a la corrosi\u00f3n \u2013 Disponible en acabados galvanizados o pintados para una mayor durabilidad.<br \/>\n\u2705  Versatilidad \u2013 Adecuado para techo, enmarcamiento de paredes, pisos entrepisos y montaje de paneles solares.<br \/>\n\u2705  Se puede producir en varios grosores, longitudes y grados de acero (por ejemplo, Q235, Q345).<\/p>\n<p>Ventajas sobre el acero tradicional<\/p>\n<p>Menos costos \u2013 Reducci\u00f3n de los gastos de material y transporte.<br \/>\nFabricaci\u00f3n de precisi\u00f3n: dimensiones consistentes para una construcci\u00f3n sin costuras.<br \/>\nEcol\u00f3gico: reciclable y minimiza los residuos de construcci\u00f3n.<\/p>\n<p>Embalaje &amp; Entrega<\/p>\n<p>Empaquetado con correas de acero para un transporte seguro.<\/p>\n<p>Embalaje est\u00e1ndar de exportaci\u00f3n (cajas de madera opcionales).<\/p>\n<p>&nbsp;<\/p>","protected":false},"excerpt":{"rendered":"<p>Acero en forma de C (C-Purlin \/ C-Channel) \u2013 Introducci\u00f3n del producto<\/p>\n<p>Descripci\u00f3n general del producto<\/p>\n<p>Acero en forma de C,<\/p>\n<p>Tambi\u00e9n conocido como C-Purlin o C-Channel, es una secci\u00f3n de acero estructural formada en fr\u00edo con una caracter\u00edstica &#8220; C&#8221; secci\u00f3n transversal. Se utiliza ampliamente en la construcci\u00f3n, edificios industriales y proyectos de infraestructura debido a su peso ligero, alta resistencia y eficiencia en costes.<\/p>","protected":false},"featured_media":2092,"comment_status":"open","ping_status":"closed","template":"","meta":[],"product_brand":[],"product_cat":[15],"product_tag":[],"class_list":{"0":"post-768","1":"product","2":"type-product","3":"status-publish","4":"has-post-thumbnail","6":"product_cat-steel-channel","8":"first","9":"instock","10":"shipping-taxable","11":"product-type-simple"},"_links":{"self":[{"href":"https:\/\/www.cztsolar.com\/es\/wp-json\/wp\/v2\/product\/768","targetHints":{"allow":["GET"]}}],"collection":[{"href":"https:\/\/www.cztsolar.com\/es\/wp-json\/wp\/v2\/product"}],"about":[{"href":"https:\/\/www.cztsolar.com\/es\/wp-json\/wp\/v2\/types\/product"}],"replies":[{"embeddable":true,"href":"https:\/\/www.cztsolar.com\/es\/wp-json\/wp\/v2\/comments?post=768"}],"wp:featuredmedia":[{"embeddable":true,"href":"https:\/\/www.cztsolar.com\/es\/wp-json\/wp\/v2\/media\/2092"}],"wp:attachment":[{"href":"https:\/\/www.cztsolar.com\/es\/wp-json\/wp\/v2\/media?parent=768"}],"wp:term":[{"taxonomy":"product_brand","embeddable":true,"href":"https:\/\/www.cztsolar.com\/es\/wp-json\/wp\/v2\/product_brand?post=768"},{"taxonomy":"product_cat","embeddable":true,"href":"https:\/\/www.cztsolar.com\/es\/wp-json\/wp\/v2\/product_cat?post=768"},{"taxonomy":"product_tag","embeddable":true,"href":"https:\/\/www.cztsolar.com\/es\/wp-json\/wp\/v2\/product_tag?post=768"}],"curies":[{"name":"WP","href":"https:\/\/api.w.org\/{rel}","templated":true}]}}