{"id":3,"date":"2024-11-29T14:13:03","date_gmt":"2024-11-29T06:13:03","guid":{"rendered":"http:\/\/www.cztsolar.com\/?page_id=3"},"modified":"2025-03-24T15:48:27","modified_gmt":"2025-03-24T07:48:27","slug":"privacy-policy","status":"publish","type":"page","link":"https:\/\/www.cztsolar.com\/es\/privacy-policy\/","title":{"rendered":"pol\u00edtica de privacidad"},"content":{"rendered":"<p>Quien somos<\/p>\r\n<p>Texto recomendado: La direcci\u00f3n de nuestro sitio web es: http:\/\/www.cztsolar.com.<\/p>\r\n<h2 class=\"wp-block-heading\">Comentario<\/h2>\r\n<p>Texto recomendado: cuando los visitantes dejan comentarios, recopilamos los datos que se muestran en el formulario de comentarios y la direcci\u00f3n IP del visitante y la cadena del agente de usuario del navegador para ayudar a la detecci\u00f3n de spam.<\/p>\r\n<p>Se puede proporcionar una cadena an\u00f3nima creada a partir de su direcci\u00f3n de correo electr\u00f3nico (tambi\u00e9n llamada hash) al servicio Gravatar para ver si la est\u00e1 utilizando.<\/p>\r\n<p>Medios de comunicaci\u00f3n<\/p>\r\n<p>Texto recomendado: si carga im\u00e1genes en el sitio, debe evitar cargar im\u00e1genes con datos de ubicaci\u00f3n integrados (EXIF GPS) incluidos.<\/p>\r\n<h2><strong><span style=\"font-size: 18pt;\">Galletas<\/span><\/strong><\/h2>\r\n<p>Texto recomendado: si deja un comentario en nuestro sitio, puede optar por guardar su nombre, direcci\u00f3n de correo electr\u00f3nico y sitio web en cookies.<\/p>\r\n<p>Si visita nuestra p\u00e1gina de inicio de sesi\u00f3n, estableceremos una cookie temporal para determinar si su navegador acepta cookies.<\/p>\r\n<p>Cuando inicie sesi\u00f3n, tambi\u00e9n estableceremos varias cookies para recordar sus detalles de inicio de sesi\u00f3n y las opciones de visualizaci\u00f3n de la pantalla.<\/p>\r\n<p>Si edita o publica un art\u00edculo, guardaremos una cookie adicional en su navegador.<\/p>\r\n<h2>Contenido integrado de otros sitios web<\/h2>\r\n<p>Texto recomendado: los art\u00edculos en este sitio pueden incluir contenido integrado (por ejemplo, videos, im\u00e1genes, art\u00edculos, etc.).<\/p>\r\n<p>Estos sitios pueden recopilar datos sobre usted, usar cookies, incrustar el seguimiento adicional de terceros y monitorear sus interacciones con dicho contenido integrado, incluido el seguimiento de sus interacciones con el contenido integrado si tiene una cuenta con esos sitios y est\u00e1 conectado a esos sitios.<\/p>\r\n<p>Con qui\u00e9n compartimos su informaci\u00f3n<\/p>\r\n<p>Texto recomendado: si solicita un restablecimiento de contrase\u00f1a, su direcci\u00f3n IP se incluir\u00e1 en el correo electr\u00f3nico de restablecimiento de contrase\u00f1a.<\/p>\r\n<p>\u00bfCu\u00e1nto tiempo conservamos su informaci\u00f3n?<\/p>\r\n<p>Texto recomendado: si deja un comentario, el comentario y sus metadatos se conservan indefinidamente.<\/p>\r\n<p>Para los usuarios registrados de este sitio, tambi\u00e9n almacenamos la informaci\u00f3n personal que los usuarios proporcionan en su perfil.<\/p>\r\n<h2>\u00bfQu\u00e9 derechos tienes sobre tu informaci\u00f3n?<\/h2>\r\n<p>Texto recomendado: si tiene una cuenta en este sitio, o tiene comentarios de izquierda, puede solicitar recibir un archivo exportado de los datos personales que tenemos sobre usted, incluidos los datos que nos ha proporcionado.<\/p>\r\n<p>Donde se env\u00edan sus datos<\/p>\r\n<p>Texto recomendado: los comentarios de los visitantes se pueden verificar a trav\u00e9s de un servicio automatizado de detecci\u00f3n de spam.<\/p>","protected":false},"excerpt":{"rendered":"<p>Who we are Recommended text: Our website address is: http:\/\/www.cztsolar.com. Comments Recommended text: When visitors leave comments, we collect the data shown in the comments form, and the visitor&#8217;s IP address and browser user agent string to help spam detection. An anonymized string created from your email address (also called a hash) may be provided [&hellip;]<\/p>\n","protected":false},"author":1,"featured_media":0,"parent":0,"menu_order":0,"comment_status":"closed","ping_status":"closed","template":"","meta":{"footnotes":""},"class_list":["post-3","page","type-page","status-publish","hentry"],"_links":{"self":[{"href":"https:\/\/www.cztsolar.com\/es\/wp-json\/wp\/v2\/pages\/3","targetHints":{"allow":["GET"]}}],"collection":[{"href":"https:\/\/www.cztsolar.com\/es\/wp-json\/wp\/v2\/pages"}],"about":[{"href":"https:\/\/www.cztsolar.com\/es\/wp-json\/wp\/v2\/types\/page"}],"author":[{"embeddable":true,"href":"https:\/\/www.cztsolar.com\/es\/wp-json\/wp\/v2\/users\/1"}],"replies":[{"embeddable":true,"href":"https:\/\/www.cztsolar.com\/es\/wp-json\/wp\/v2\/comments?post=3"}],"version-history":[{"count":5,"href":"https:\/\/www.cztsolar.com\/es\/wp-json\/wp\/v2\/pages\/3\/revisions"}],"predecessor-version":[{"id":2715,"href":"https:\/\/www.cztsolar.com\/es\/wp-json\/wp\/v2\/pages\/3\/revisions\/2715"}],"wp:attachment":[{"href":"https:\/\/www.cztsolar.com\/es\/wp-json\/wp\/v2\/media?parent=3"}],"curies":[{"name":"WP","href":"https:\/\/api.w.org\/{rel}","templated":true}]}}